{"id":172,"date":"2014-10-11T16:53:29","date_gmt":"2014-10-11T16:53:29","guid":{"rendered":"http:\/\/hocalihaber.com\/?page_id=172"},"modified":"2020-06-18T17:24:23","modified_gmt":"2020-06-18T15:24:23","slug":"kunye","status":"publish","type":"page","link":"https:\/\/hocalihaber.com\/az\/kunye\/","title":{"rendered":"\u00c7al\u0131\u015fanlar"},"content":{"rendered":"<p><strong>Redaktor<\/strong><br \/>\nCeyhun \u04d8b\u00fclf\u04d9z<\/p>\n<p><span style=\"font-size: medium;\"><strong><span lang=\"AZ-LATIN\"><span style=\"color: #000000; font-family: Calibri;\">K\u00f6\u015f\u0259 yazarlar\u0131<br \/>\n<\/span><\/span><\/strong><\/span><span lang=\"AZ-LATIN\"><span style=\"color: #000000; font-family: Calibri; font-size: medium;\">Emil \u015eahin<br \/>\n<\/span><\/span><span lang=\"AZ-LATIN\"><span style=\"color: #000000; font-family: Calibri; font-size: medium;\">\u00dclk\u0259r Qafarzad\u0259<br \/>\n<\/span><\/span><span lang=\"AZ-LATIN\"><span style=\"color: #000000; font-family: Calibri; font-size: medium;\">S\u00fcleyman G\u00f6z\u0259lsevdi<\/span><\/span><\/p>","protected":false},"excerpt":{"rendered":"<p>Redaktor Ceyhun \u04d8b\u00fclf\u04d9z K\u00f6\u015f\u0259 yazarlar\u0131 Emil \u015eahin \u00dclk\u0259r Qafarzad\u0259 S\u00fcleyman G\u00f6z\u0259lsevdi<\/p>\n","protected":false},"author":1,"featured_media":0,"parent":0,"menu_order":0,"comment_status":"open","ping_status":"open","template":"","meta":{"footnotes":""},"class_list":["post-172","page","type-page","status-publish"],"aioseo_notices":[],"_links":{"self":[{"href":"https:\/\/hocalihaber.com\/az\/wp-json\/wp\/v2\/pages\/172","targetHints":{"allow":["GET"]}}],"collection":[{"href":"https:\/\/hocalihaber.com\/az\/wp-json\/wp\/v2\/pages"}],"about":[{"href":"https:\/\/hocalihaber.com\/az\/wp-json\/wp\/v2\/types\/page"}],"author":[{"embeddable":true,"href":"https:\/\/hocalihaber.com\/az\/wp-json\/wp\/v2\/users\/1"}],"replies":[{"embeddable":true,"href":"https:\/\/hocalihaber.com\/az\/wp-json\/wp\/v2\/comments?post=172"}],"version-history":[{"count":1,"href":"https:\/\/hocalihaber.com\/az\/wp-json\/wp\/v2\/pages\/172\/revisions"}],"predecessor-version":[{"id":15899,"href":"https:\/\/hocalihaber.com\/az\/wp-json\/wp\/v2\/pages\/172\/revisions\/15899"}],"wp:attachment":[{"href":"https:\/\/hocalihaber.com\/az\/wp-json\/wp\/v2\/media?parent=172"}],"curies":[{"name":"wp","href":"https:\/\/api.w.org\/{rel}","templated":true}]}}